{"id":29,"date":"2017-11-16T16:55:48","date_gmt":"2017-11-16T16:55:48","guid":{"rendered":"https:\/\/www.conectateseguro.gov.py\/grooming\/?page_id=29"},"modified":"2017-11-28T11:57:40","modified_gmt":"2017-11-28T11:57:40","slug":"documentos","status":"publish","type":"page","link":"https:\/\/www.conectateseguro.gov.py\/grooming\/documentos\/","title":{"rendered":"Documentos"},"content":{"rendered":"<p style=\"text-align: justify;\"><a href=\"https:\/\/www.conectateseguro.gov.py\/grooming\/wp-content\/uploads\/sites\/6\/2017\/11\/CERT-PY-2015-003_Grooming.pdf\" target=\"_blank\" rel=\"noopener\"><img loading=\"lazy\" decoding=\"async\" class=\"wp-image-54 alignleft\" src=\"https:\/\/www.conectateseguro.gov.py\/grooming\/wp-content\/uploads\/sites\/6\/2017\/11\/proteccion_segura_grooming-e1510914646678-300x281.jpg\" alt=\"\" width=\"81\" height=\"76\" srcset=\"https:\/\/www.conectateseguro.gov.py\/grooming\/wp-content\/uploads\/sites\/6\/2017\/11\/proteccion_segura_grooming-e1510914646678-300x281.jpg 300w, https:\/\/www.conectateseguro.gov.py\/grooming\/wp-content\/uploads\/sites\/6\/2017\/11\/proteccion_segura_grooming-e1510914646678.jpg 717w\" sizes=\"auto, (max-width: 81px) 100vw, 81px\" \/><\/a>El acoso sexual de menores en Internet se est\u00e1 haciendo cada vez m\u00e1s frecuente y las consecuencias pueden ser devastadoras. Una vez hecho el da\u00f1o, el mismo es irreparable. Afortunadamente, es sencillo de evitar e incluso de contener en los primeros momentos. <a href=\"https:\/\/www.conectateseguro.gov.py\/grooming\/wp-content\/uploads\/sites\/6\/2017\/11\/CERT-PY-2015-003_Grooming.pdf\" target=\"_blank\" rel=\"noopener\">Descargar<\/a><\/p>\n<hr \/>\n<p>&nbsp;<\/p>\n","protected":false},"excerpt":{"rendered":"<p>El acoso sexual de menores en Internet se est\u00e1 haciendo cada vez m\u00e1s frecuente y las consecuencias pueden ser devastadoras. Una vez hecho el da\u00f1o, el mismo es irreparable. Afortunadamente, es sencillo de evitar e incluso de contener en los primeros momentos. Descargar &nbsp;<\/p>\n","protected":false},"author":2,"featured_media":0,"parent":0,"menu_order":0,"comment_status":"closed","ping_status":"closed","template":"","meta":{"footnotes":""},"class_list":["post-29","page","type-page","status-publish"],"_links":{"self":[{"href":"https:\/\/www.conectateseguro.gov.py\/grooming\/wp-json\/wp\/v2\/pages\/29","targetHints":{"allow":["GET"]}}],"collection":[{"href":"https:\/\/www.conectateseguro.gov.py\/grooming\/wp-json\/wp\/v2\/pages"}],"about":[{"href":"https:\/\/www.conectateseguro.gov.py\/grooming\/wp-json\/wp\/v2\/types\/page"}],"author":[{"embeddable":true,"href":"https:\/\/www.conectateseguro.gov.py\/grooming\/wp-json\/wp\/v2\/users\/2"}],"replies":[{"embeddable":true,"href":"https:\/\/www.conectateseguro.gov.py\/grooming\/wp-json\/wp\/v2\/comments?post=29"}],"version-history":[{"count":4,"href":"https:\/\/www.conectateseguro.gov.py\/grooming\/wp-json\/wp\/v2\/pages\/29\/revisions"}],"predecessor-version":[{"id":67,"href":"https:\/\/www.conectateseguro.gov.py\/grooming\/wp-json\/wp\/v2\/pages\/29\/revisions\/67"}],"wp:attachment":[{"href":"https:\/\/www.conectateseguro.gov.py\/grooming\/wp-json\/wp\/v2\/media?parent=29"}],"curies":[{"name":"wp","href":"https:\/\/api.w.org\/{rel}","templated":true}]}}